{"id":762,"date":"2022-07-03T18:04:02","date_gmt":"2022-07-03T18:04:02","guid":{"rendered":"http:\/\/trufflemushroomcenter.com\/?post_type=product&#038;p=762"},"modified":"2024-10-26T20:42:49","modified_gmt":"2024-10-26T20:42:49","slug":"shiitake-mushroom-tincture","status":"publish","type":"product","link":"https:\/\/trufflemushroomcenter.com\/index.php\/product\/shiitake-mushroom-tincture\/","title":{"rendered":"Shiitake Mushroom Tincture \u2013 Lentinula Edodes Extract | K\u00c4\u00c4P\u00c4 Health"},"content":{"rendered":"<h2 style=\"text-align: center;\"><a href=\"http:\/\/trufflemushroomcenter.com\/\">A super-shiitake will get your well-being blossom!<\/a><\/h2>\n<p><strong>K\u00c4\u00c4P\u00c4 Health, <a href=\"https:\/\/ruohonjuuri.com\/products\/kaapa-health-shiitake-mushroom-tincture-lentinula-edodes-extract-50-ml\">Shiitake<\/a> Mushroom Tincture (Lentinula Edodes Extract), 50 ml.\u00a0<\/strong>Shiitake supports the normal function of our immune system. Shiitake extract is strong due to the Extraction 2.0 method &#8211; this includes hot water and alcohol extraction with Ultrasonic Assisted Extraction. 100% Finnish and organic. No mycelium, no fillers. <a href=\"https:\/\/trufflemushroomcenter.com\/index.php\/product\/shiitake-mushroom-tincture\/\">Shiitake Mushroom Tincture<\/a><\/p>\n<p><strong>Dosage for Adults:\u00a0<\/strong>Use by placing tincture under the tongue and swallow, or add to some liquids. Start with a very low dose and increase it over time. The recommended maximum dose is 2 ml\/day. 1 full pipette equals 0.6ml. Take a week\u2019s break with mushroom extracts after three months of use, then start using again.<\/p>\n<p><strong>Please Note:<\/strong>\u00a0The recommended daily dose should not be exceeded. Keep<a href=\"https:\/\/trufflemushroomcenter.com\/index.php\/product-category\/medicinal-mushrooms\/\"> the<\/a> product out of the reach of children. Mushrooms should not be used concomitantly with antibiotics, anticoagulants, penicillin, and intravenous glucose. Not recommended for people with fungal allergies. Not during pregnancy. Remember that a dietary supplement does not replace a versatile diet or healthy life habits.<\/p>\n<p><strong>K\u00c4\u00c4P\u00c4 Health &#8211; functional mushrooms from Finland!<\/strong>\u00a0K\u00c4\u00c4P\u00c4 Health brings functional mushrooms from the Nordic forests to health-conscious people. K\u00c4\u00c4P\u00c4 Health makes mushroom-based tinctures <a href=\"https:\/\/trufflemushroomcenter.com\/index.php\/product-category\/medicinal-mushrooms\/\">to<\/a> increase nature and human well-being.<\/p>\n<p>&nbsp;<\/p>\n<p><strong>Health claim \/ EFSA:<\/strong><br \/>\nM-2008-1061 3774 &#8211; Lentinula edodes (Common Name : Shitake) &#8211; Immune health<\/p>\n<h3><strong>Benefits of Shiitake Mushroom Tincture<\/strong>:<\/h3>\n<ol>\n<li><strong>Boosts Immune System<\/strong>: Shiitake mushroom tincture enhances the body&#8217;s natural defense against infections with its rich content of beta-glucans.<\/li>\n<li><strong>Antiviral and Antimicrobial Properties<\/strong>: Shiitake mushrooms contain compounds like lentinan, known for their ability to fight off viruses and harmful microbes.<\/li>\n<li><strong>Rich in Antioxidants<\/strong>: The tincture is packed with antioxidants, which help combat oxidative stress and reduce cell damage, promoting overall wellness.<\/li>\n<li><strong>Supports Heart Health<\/strong>: Shiitake tinctures help lower cholesterol levels and improve circulation, contributing <a href=\"https:\/\/www.google.com\/search?q=Shiitake+Mushroom+Tincture&amp;sca_esv=9b57563f7a4d2e44&amp;sxsrf=ADLYWILJP63mPr4HTyd4phzS9T-i8WaAww%3A1727999583883&amp;ei=Xy7_ZoC_NYPui-gP1_W-kAs&amp;ved=0ahUKEwjA6vmKtPOIAxUD9wIHHde6D7IQ4dUDCA8&amp;oq=Shiitake+Mushroom+Tincture&amp;gs_lp=Egxnd3Mtd2l6LXNlcnAiGlNoaWl0YWtlIE11c2hyb29tIFRpbmN0dXJlMgsQABiABBiRAhiKBTILEAAYgAQYkQIYigUyBRAAGIAEMgYQABgWGB4yBhAAGBYYHjIGEAAYFhgeMgYQABgWGB4yBhAAGBYYHjIGEAAYFhgeMgYQABgWGB5IqRFQ-AZY-AZwA3gBkAEAmAHnAaAB5wGqAQMyLTG4AQzIAQD4AQL4AQGYAgSgAoYCwgIKEAAYsAMY1gQYR5gDAIgGAZAGCJIHBTMuMC4xoAe8Bg&amp;sclient=gws-wiz-serp\">to<\/a> cardiovascular health.<\/li>\n<li><strong>Promotes Skin Health<\/strong>: Shiitake contains natural compounds that support skin elasticity, hydration, and glow.<\/li>\n<li><strong>Aids in Weight Management<\/strong>: The active compounds in Shiitake mushrooms may help support healthy weight management by boosting metabolism and reducing fat accumulation.<\/li>\n<li><strong>Supports Energy and Vitality<\/strong>: Regular use <a href=\"https:\/\/www.google.com\/search?q=porn&amp;sca_esv=9b57563f7a4d2e44&amp;sxsrf=ADLYWIJ0lATLXNaeR2HibB62a8xRlTxJfw%3A1728000257037&amp;ei=ATH_Zob7Acvii-gPxbC58QI&amp;ved=0ahUKEwjG__fLtvOIAxVL8QIHHUVYLi4Q4dUDCA8&amp;uact=5&amp;oq=porn&amp;gs_lp=Egxnd3Mtd2l6LXNlcnAiBHBvcm4yBRAuGIAEMgUQABiABDIFEAAYgAQyBRAAGIAEMgUQABiABDIFEC4YgAQyBRAAGIAEMhQQLhiABBiXBRjcBBjeBBjfBNgBAUinFFD7BljxDXADeAGQAQCYAYwCoAHlB6oBAzItNLgBA8gBAPgBAZgCB6ACvgjCAgoQABiwAxjWBBhHwgIEECMYJ8ICChAjGIAEGCcYigXCAgsQABiABBiRAhiKBcICChAuGIAEGEMYigXCAgsQLhiABBjRAxjHAcICCxAuGIAEGJECGIoFwgIKEAAYgAQYQxiKBcICGhAuGIAEGJECGIoFGJcFGNwEGN4EGN8E2AEBmAMAiAYBkAYEugYGCAEQARgUkgcFMy4wLjSgB-FQ&amp;sclient=gws-wiz-serp\">of<\/a> Shiitake tincture promotes higher energy levels and overall vitality, making it a great addition to your daily wellness routine.<\/li>\n<\/ol>\n<h3><strong>Conclusion<\/strong><\/h3>\n<p><strong>Shiitake Mushroom Tincture<\/strong> is an excellent choice for anyone looking to boost their immune system, enhance overall vitality, and support long-term health with a natural supplement. Packed with potent antiviral and antioxidant properties, it\u2019s ideal for daily use. If you\u2019re ready to experience the health benefits of Shiitake, now is the time to invest in a high-quality tincture. Shop online today and find premium <strong>Shiitake Mushroom Tinctures<\/strong> available for purchase, with fast shipping and guaranteed potency<a href=\"https:\/\/www.google.com\/search?q=Shiitake+Mushroom+Tincture&amp;sca_esv=9b57563f7a4d2e44&amp;sxsrf=ADLYWILJP63mPr4HTyd4phzS9T-i8WaAww%3A1727999583883&amp;ei=Xy7_ZoC_NYPui-gP1_W-kAs&amp;ved=0ahUKEwjA6vmKtPOIAxUD9wIHHde6D7IQ4dUDCA8&amp;oq=Shiitake+Mushroom+Tincture&amp;gs_lp=Egxnd3Mtd2l6LXNlcnAiGlNoaWl0YWtlIE11c2hyb29tIFRpbmN0dXJlMgsQABiABBiRAhiKBTILEAAYgAQYkQIYigUyBRAAGIAEMgYQABgWGB4yBhAAGBYYHjIGEAAYFhgeMgYQABgWGB4yBhAAGBYYHjIGEAAYFhgeMgYQABgWGB5IqRFQ-AZY-AZwA3gBkAEAmAHnAaAB5wGqAQMyLTG4AQzIAQD4AQL4AQGYAgSgAoYCwgIKEAAYsAMY1gQYR5gDAIgGAZAGCJIHBTMuMC4xoAe8Bg&amp;sclient=gws-wiz-serp\"> to<\/a> help you achieve your wellness goals!<\/p>\n","protected":false},"excerpt":{"rendered":"<p>Shiitake Mushroom Tincture is a powerful immune-boosting supplement known for its antiviral and antioxidant properties.premium Shiitake tinctures for sale.<\/p>\n","protected":false},"featured_media":763,"comment_status":"open","ping_status":"closed","template":"","meta":{"om_disable_all_campaigns":false},"product_brand":[],"product_cat":[30],"product_tag":[1365,1360,1362,1366,1361,1359,1367,1363,1358,1364,1368],"class_list":{"0":"post-762","1":"product","2":"type-product","3":"status-publish","4":"has-post-thumbnail","6":"product_cat-medicinal-mushrooms","7":"product_tag-antiviral-mushroom-tincture","8":"product_tag-buy-shiitake-tincture","9":"product_tag-immune-boosting-supplement","10":"product_tag-natural-health-supplement","11":"product_tag-shiitake-extract-benefits","12":"product_tag-shiitake-mushroom","13":"product_tag-shiitake-mushroom-extract","14":"product_tag-shiitake-mushroom-supplement","15":"product_tag-shiitake-mushroom-tincture","16":"product_tag-shiitake-tincture-for-sale","17":"product_tag-wellness-tincture","19":"first","20":"instock","21":"sale","22":"shipping-taxable","23":"purchasable","24":"product-type-simple"},"yoast_head":"<!-- This site is optimized with the Yoast SEO plugin v27.4 - https:\/\/yoast.com\/product\/yoast-seo-wordpress\/ -->\n<title>Shiitake Mushroom Tincture - Truffle Mushroom Center - Mushroom Online<\/title>\n<meta name=\"description\" content=\"Shiitake Mushroom Tincture is a powerful immune-boosting supplement known for its antiviral and antioxidant properties.premium Shiitake tinctures for sale.\" \/>\n<meta name=\"robots\" content=\"index, follow, max-snippet:-1, max-image-preview:large, max-video-preview:-1\" \/>\n<link rel=\"canonical\" href=\"https:\/\/trufflemushroomcenter.com\/index.php\/product\/shiitake-mushroom-tincture\/\" \/>\n<meta property=\"og:locale\" content=\"en_US\" \/>\n<meta property=\"og:type\" content=\"article\" \/>\n<meta property=\"og:title\" content=\"Shiitake Mushroom Tincture - Truffle Mushroom Center - Mushroom Online\" \/>\n<meta property=\"og:description\" content=\"Shiitake Mushroom Tincture is a powerful immune-boosting supplement known for its antiviral and antioxidant properties.premium Shiitake tinctures for sale.\" \/>\n<meta property=\"og:url\" content=\"https:\/\/trufflemushroomcenter.com\/index.php\/product\/shiitake-mushroom-tincture\/\" \/>\n<meta property=\"og:site_name\" content=\"Truffle Mushroom Center\" \/>\n<meta property=\"article:modified_time\" content=\"2024-10-26T20:42:49+00:00\" \/>\n<meta property=\"og:image\" content=\"http:\/\/trufflemushroomcenter.com\/wp-content\/uploads\/2022\/07\/BF_Shiitake_50ml_boxbottle_design-e1634661948987.png\" \/>\n\t<meta property=\"og:image:width\" content=\"900\" \/>\n\t<meta property=\"og:image:height\" content=\"900\" \/>\n\t<meta property=\"og:image:type\" content=\"image\/png\" \/>\n<meta name=\"twitter:card\" content=\"summary_large_image\" \/>\n<meta name=\"twitter:label1\" content=\"Est. reading time\" \/>\n\t<meta name=\"twitter:data1\" content=\"3 minutes\" \/>\n<script type=\"application\/ld+json\" class=\"yoast-schema-graph\">{\"@context\":\"https:\\\/\\\/schema.org\",\"@graph\":[{\"@type\":\"WebPage\",\"@id\":\"https:\\\/\\\/trufflemushroomcenter.com\\\/index.php\\\/product\\\/shiitake-mushroom-tincture\\\/\",\"url\":\"https:\\\/\\\/trufflemushroomcenter.com\\\/index.php\\\/product\\\/shiitake-mushroom-tincture\\\/\",\"name\":\"Shiitake Mushroom Tincture - Truffle Mushroom Center - Mushroom Online\",\"isPartOf\":{\"@id\":\"https:\\\/\\\/trufflemushroomcenter.com\\\/#website\"},\"primaryImageOfPage\":{\"@id\":\"https:\\\/\\\/trufflemushroomcenter.com\\\/index.php\\\/product\\\/shiitake-mushroom-tincture\\\/#primaryimage\"},\"image\":{\"@id\":\"https:\\\/\\\/trufflemushroomcenter.com\\\/index.php\\\/product\\\/shiitake-mushroom-tincture\\\/#primaryimage\"},\"thumbnailUrl\":\"https:\\\/\\\/trufflemushroomcenter.com\\\/wp-content\\\/uploads\\\/2022\\\/07\\\/BF_Shiitake_50ml_boxbottle_design-e1634661948987.png\",\"datePublished\":\"2022-07-03T18:04:02+00:00\",\"dateModified\":\"2024-10-26T20:42:49+00:00\",\"description\":\"Shiitake Mushroom Tincture is a powerful immune-boosting supplement known for its antiviral and antioxidant properties.premium Shiitake tinctures for sale.\",\"breadcrumb\":{\"@id\":\"https:\\\/\\\/trufflemushroomcenter.com\\\/index.php\\\/product\\\/shiitake-mushroom-tincture\\\/#breadcrumb\"},\"inLanguage\":\"en-US\",\"potentialAction\":[{\"@type\":\"ReadAction\",\"target\":[\"https:\\\/\\\/trufflemushroomcenter.com\\\/index.php\\\/product\\\/shiitake-mushroom-tincture\\\/\"]}]},{\"@type\":\"ImageObject\",\"inLanguage\":\"en-US\",\"@id\":\"https:\\\/\\\/trufflemushroomcenter.com\\\/index.php\\\/product\\\/shiitake-mushroom-tincture\\\/#primaryimage\",\"url\":\"https:\\\/\\\/trufflemushroomcenter.com\\\/wp-content\\\/uploads\\\/2022\\\/07\\\/BF_Shiitake_50ml_boxbottle_design-e1634661948987.png\",\"contentUrl\":\"https:\\\/\\\/trufflemushroomcenter.com\\\/wp-content\\\/uploads\\\/2022\\\/07\\\/BF_Shiitake_50ml_boxbottle_design-e1634661948987.png\",\"width\":900,\"height\":900,\"caption\":\"Shiitake Mushroom Tincture\"},{\"@type\":\"BreadcrumbList\",\"@id\":\"https:\\\/\\\/trufflemushroomcenter.com\\\/index.php\\\/product\\\/shiitake-mushroom-tincture\\\/#breadcrumb\",\"itemListElement\":[{\"@type\":\"ListItem\",\"position\":1,\"name\":\"Home\",\"item\":\"https:\\\/\\\/trufflemushroomcenter.com\\\/\"},{\"@type\":\"ListItem\",\"position\":2,\"name\":\"Products\",\"item\":\"https:\\\/\\\/trufflemushroomcenter.com\\\/index.php\\\/psychedelic-mushrooms-for-sale-online\\\/\"},{\"@type\":\"ListItem\",\"position\":3,\"name\":\"Shiitake Mushroom Tincture \u2013 Lentinula Edodes Extract | K\u00c4\u00c4P\u00c4 Health\"}]},{\"@type\":\"WebSite\",\"@id\":\"https:\\\/\\\/trufflemushroomcenter.com\\\/#website\",\"url\":\"https:\\\/\\\/trufflemushroomcenter.com\\\/\",\"name\":\"Truffle Mushroom Center\",\"description\":\"Just another WordPress site\",\"publisher\":{\"@id\":\"https:\\\/\\\/trufflemushroomcenter.com\\\/#organization\"},\"potentialAction\":[{\"@type\":\"SearchAction\",\"target\":{\"@type\":\"EntryPoint\",\"urlTemplate\":\"https:\\\/\\\/trufflemushroomcenter.com\\\/?s={search_term_string}\"},\"query-input\":{\"@type\":\"PropertyValueSpecification\",\"valueRequired\":true,\"valueName\":\"search_term_string\"}}],\"inLanguage\":\"en-US\"},{\"@type\":\"Organization\",\"@id\":\"https:\\\/\\\/trufflemushroomcenter.com\\\/#organization\",\"name\":\"Truffle Mushroom Center\",\"url\":\"https:\\\/\\\/trufflemushroomcenter.com\\\/\",\"logo\":{\"@type\":\"ImageObject\",\"inLanguage\":\"en-US\",\"@id\":\"https:\\\/\\\/trufflemushroomcenter.com\\\/#\\\/schema\\\/logo\\\/image\\\/\",\"url\":\"https:\\\/\\\/trufflemushroomcenter.com\\\/wp-content\\\/uploads\\\/2022\\\/07\\\/download.jpg\",\"contentUrl\":\"https:\\\/\\\/trufflemushroomcenter.com\\\/wp-content\\\/uploads\\\/2022\\\/07\\\/download.jpg\",\"width\":219,\"height\":230,\"caption\":\"Truffle Mushroom Center\"},\"image\":{\"@id\":\"https:\\\/\\\/trufflemushroomcenter.com\\\/#\\\/schema\\\/logo\\\/image\\\/\"}}]}<\/script>\n<!-- \/ Yoast SEO plugin. -->","yoast_head_json":{"title":"Shiitake Mushroom Tincture - Truffle Mushroom Center - Mushroom Online","description":"Shiitake Mushroom Tincture is a powerful immune-boosting supplement known for its antiviral and antioxidant properties.premium Shiitake tinctures for sale.","robots":{"index":"index","follow":"follow","max-snippet":"max-snippet:-1","max-image-preview":"max-image-preview:large","max-video-preview":"max-video-preview:-1"},"canonical":"https:\/\/trufflemushroomcenter.com\/index.php\/product\/shiitake-mushroom-tincture\/","og_locale":"en_US","og_type":"article","og_title":"Shiitake Mushroom Tincture - Truffle Mushroom Center - Mushroom Online","og_description":"Shiitake Mushroom Tincture is a powerful immune-boosting supplement known for its antiviral and antioxidant properties.premium Shiitake tinctures for sale.","og_url":"https:\/\/trufflemushroomcenter.com\/index.php\/product\/shiitake-mushroom-tincture\/","og_site_name":"Truffle Mushroom Center","article_modified_time":"2024-10-26T20:42:49+00:00","og_image":[{"width":900,"height":900,"url":"http:\/\/trufflemushroomcenter.com\/wp-content\/uploads\/2022\/07\/BF_Shiitake_50ml_boxbottle_design-e1634661948987.png","type":"image\/png"}],"twitter_card":"summary_large_image","twitter_misc":{"Est. reading time":"3 minutes"},"schema":{"@context":"https:\/\/schema.org","@graph":[{"@type":"WebPage","@id":"https:\/\/trufflemushroomcenter.com\/index.php\/product\/shiitake-mushroom-tincture\/","url":"https:\/\/trufflemushroomcenter.com\/index.php\/product\/shiitake-mushroom-tincture\/","name":"Shiitake Mushroom Tincture - Truffle Mushroom Center - Mushroom Online","isPartOf":{"@id":"https:\/\/trufflemushroomcenter.com\/#website"},"primaryImageOfPage":{"@id":"https:\/\/trufflemushroomcenter.com\/index.php\/product\/shiitake-mushroom-tincture\/#primaryimage"},"image":{"@id":"https:\/\/trufflemushroomcenter.com\/index.php\/product\/shiitake-mushroom-tincture\/#primaryimage"},"thumbnailUrl":"https:\/\/trufflemushroomcenter.com\/wp-content\/uploads\/2022\/07\/BF_Shiitake_50ml_boxbottle_design-e1634661948987.png","datePublished":"2022-07-03T18:04:02+00:00","dateModified":"2024-10-26T20:42:49+00:00","description":"Shiitake Mushroom Tincture is a powerful immune-boosting supplement known for its antiviral and antioxidant properties.premium Shiitake tinctures for sale.","breadcrumb":{"@id":"https:\/\/trufflemushroomcenter.com\/index.php\/product\/shiitake-mushroom-tincture\/#breadcrumb"},"inLanguage":"en-US","potentialAction":[{"@type":"ReadAction","target":["https:\/\/trufflemushroomcenter.com\/index.php\/product\/shiitake-mushroom-tincture\/"]}]},{"@type":"ImageObject","inLanguage":"en-US","@id":"https:\/\/trufflemushroomcenter.com\/index.php\/product\/shiitake-mushroom-tincture\/#primaryimage","url":"https:\/\/trufflemushroomcenter.com\/wp-content\/uploads\/2022\/07\/BF_Shiitake_50ml_boxbottle_design-e1634661948987.png","contentUrl":"https:\/\/trufflemushroomcenter.com\/wp-content\/uploads\/2022\/07\/BF_Shiitake_50ml_boxbottle_design-e1634661948987.png","width":900,"height":900,"caption":"Shiitake Mushroom Tincture"},{"@type":"BreadcrumbList","@id":"https:\/\/trufflemushroomcenter.com\/index.php\/product\/shiitake-mushroom-tincture\/#breadcrumb","itemListElement":[{"@type":"ListItem","position":1,"name":"Home","item":"https:\/\/trufflemushroomcenter.com\/"},{"@type":"ListItem","position":2,"name":"Products","item":"https:\/\/trufflemushroomcenter.com\/index.php\/psychedelic-mushrooms-for-sale-online\/"},{"@type":"ListItem","position":3,"name":"Shiitake Mushroom Tincture \u2013 Lentinula Edodes Extract | K\u00c4\u00c4P\u00c4 Health"}]},{"@type":"WebSite","@id":"https:\/\/trufflemushroomcenter.com\/#website","url":"https:\/\/trufflemushroomcenter.com\/","name":"Truffle Mushroom Center","description":"Just another WordPress site","publisher":{"@id":"https:\/\/trufflemushroomcenter.com\/#organization"},"potentialAction":[{"@type":"SearchAction","target":{"@type":"EntryPoint","urlTemplate":"https:\/\/trufflemushroomcenter.com\/?s={search_term_string}"},"query-input":{"@type":"PropertyValueSpecification","valueRequired":true,"valueName":"search_term_string"}}],"inLanguage":"en-US"},{"@type":"Organization","@id":"https:\/\/trufflemushroomcenter.com\/#organization","name":"Truffle Mushroom Center","url":"https:\/\/trufflemushroomcenter.com\/","logo":{"@type":"ImageObject","inLanguage":"en-US","@id":"https:\/\/trufflemushroomcenter.com\/#\/schema\/logo\/image\/","url":"https:\/\/trufflemushroomcenter.com\/wp-content\/uploads\/2022\/07\/download.jpg","contentUrl":"https:\/\/trufflemushroomcenter.com\/wp-content\/uploads\/2022\/07\/download.jpg","width":219,"height":230,"caption":"Truffle Mushroom Center"},"image":{"@id":"https:\/\/trufflemushroomcenter.com\/#\/schema\/logo\/image\/"}}]}},"jetpack_sharing_enabled":true,"_links":{"self":[{"href":"https:\/\/trufflemushroomcenter.com\/index.php\/wp-json\/wp\/v2\/product\/762","targetHints":{"allow":["GET"]}}],"collection":[{"href":"https:\/\/trufflemushroomcenter.com\/index.php\/wp-json\/wp\/v2\/product"}],"about":[{"href":"https:\/\/trufflemushroomcenter.com\/index.php\/wp-json\/wp\/v2\/types\/product"}],"replies":[{"embeddable":true,"href":"https:\/\/trufflemushroomcenter.com\/index.php\/wp-json\/wp\/v2\/comments?post=762"}],"wp:featuredmedia":[{"embeddable":true,"href":"https:\/\/trufflemushroomcenter.com\/index.php\/wp-json\/wp\/v2\/media\/763"}],"wp:attachment":[{"href":"https:\/\/trufflemushroomcenter.com\/index.php\/wp-json\/wp\/v2\/media?parent=762"}],"wp:term":[{"taxonomy":"product_brand","embeddable":true,"href":"https:\/\/trufflemushroomcenter.com\/index.php\/wp-json\/wp\/v2\/product_brand?post=762"},{"taxonomy":"product_cat","embeddable":true,"href":"https:\/\/trufflemushroomcenter.com\/index.php\/wp-json\/wp\/v2\/product_cat?post=762"},{"taxonomy":"product_tag","embeddable":true,"href":"https:\/\/trufflemushroomcenter.com\/index.php\/wp-json\/wp\/v2\/product_tag?post=762"}],"curies":[{"name":"wp","href":"https:\/\/api.w.org\/{rel}","templated":true}]}}