{"id":764,"date":"2022-07-03T18:11:38","date_gmt":"2022-07-03T18:11:38","guid":{"rendered":"http:\/\/trufflemushroomcenter.com\/?post_type=product&#038;p=764"},"modified":"2024-10-03T23:55:15","modified_gmt":"2024-10-03T23:55:15","slug":"chaga-mushroom-tincture","status":"publish","type":"product","link":"https:\/\/trufflemushroomcenter.com\/index.php\/product\/chaga-mushroom-tincture\/","title":{"rendered":"Chaga Mushroom Tincture \u2013 Inonotus Obliquus Extract | K\u00c4\u00c4P\u00c4 Health"},"content":{"rendered":"<h2><strong>Chaga Mushroom Tincture \u2013 Inonotus Obliquus Extract<\/strong><\/h2>\n<p>Chaga Mushroom Tincture \u2013 Inonotus Obliquus Extract \u2013 To make sure that you are getting the strongest chaga extract we\u2019ve developed the Extraction 2.0 method \u2013 this includes hot water and alcohol extraction with Ultrasonic Assisted Extraction.<\/p>\n<p>Mushroom cell walls are made of chitin, a natural fibrous substance indigestible in the human gut. The chitin cell walls can be partially broken down with alcohol. We are using industry leading Ultrasonic Assisted Extraction (UAE) technology. With the combination of water, alcohol and UAE we are able to draw water soluble and alcohol soluble compounds out of the mushrooms. The UAE method of extraction allows us to extract the important compounds of chaga more effectively and enhance the bioavailability of the Compounds of Interest in our mushroom tincture. Therefore, extraction is fundamental in creating pure and potent mushroom extracts.<\/p>\n<h3><strong>Extraction 2.0 \u2013 Why do we extract?<\/strong><\/h3>\n<p>Mushrooms need an elaborate extraction process to make their Compounds<a href=\"https:\/\/trufflemushroomcenter.com\/index.php\/product\/chaga-mushroom-tincture\/\"> of<\/a> Interest bioavailable. That\u2019s because mushroom cell walls are made of chitin, a natural fibrous substance generally considered to be indigestible in the human gut. For example, if non-extracted mushroom powder was consumed, most of the compounds would pass right through the human digestive tract.<\/p>\n<p>However, behind those chitin walls lies valuable components that are beneficial to our health. Although cooking can help to pull out some of the medicinal properties, there is one method of preparation that enables the most optimal bioavailability of medicinal mushroom compounds: extraction.<\/p>\n<p>By certain extraction methods for each species of mushroom, the Compounds of Interest become bioavailable. Extraction also allows us to concentrate the Compounds of Interest for our mushroom tinctures. Therefore, extracting is fundamental in creating an effective mushroom supplement. So, by carefully extracting mushrooms, we are making sure they become bioavailable to humans <a href=\"https:\/\/trufflemushroomcenter.com\/index.php\/product-category\/medicinal-mushrooms\/\">and<\/a> have an active effect once digested.<\/p>\n<p>The Compounds of Interest for K\u00c4\u00c4P\u00c4 Health <a href=\"https:\/\/trufflemushroomcenter.com\/index.php\/product\/chaga-mushroom-tincture\/\">are<\/a> the compounds clinically shown to evoke health promoting effects, such as \u03b2-(1,3)-(1,6)-D-glucans, or simply beta-glucans.<\/p>\n<h3><strong>Why are we extracting the way we are extracting?<\/strong><\/h3>\n<p>At K\u00c4\u00c4P\u00c4 Health we are using industry leading Ultrasonic Assisted Extraction (UAE) technology to produce pure and potent mushroom extracts. The benefits of using the UAE method is to optimise the bioavailability of the compounds of interest in mushrooms. This new technology increases the effectiveness and efficiency of the extraction process.<\/p>\n<p>UAE also allows us to extract at lower temperatures which is beneficial <a href=\"https:\/\/onlinepetpharmacy.org\/\">for<\/a> heat sensitive compounds. Heat is needed to extract certain compounds but too much heat can also destroy other important compounds. Increasing the extraction effectiveness with UAE while decreasing the heat allows us to produce a more potent, wider spectrum mushroom extracts.<br \/>\nIn combination with UAE, our extraction protocols use traditional extraction processes as well.<\/p>\n<p>All mushrooms require hot water and many are also followed by ethyl alcohol extraction. The hot water releases the water soluble compounds and the alcohol extract dissolves the chitin to release the non water soluble compounds. <a href=\"https:\/\/www.google.com\/search?q=Chaga+Mushroom+Tincture&amp;sca_esv=9b57563f7a4d2e44&amp;sxsrf=ADLYWIJDGjFskiQDbqlc1KVyqc7slNYTyw%3A1727998576782&amp;ei=cCr_ZvC8L_Dxi-gP2Jva-A8&amp;ved=0ahUKEwjwtN2qsPOIAxXw-AIHHdiNFv8Q4dUDCA8&amp;oq=Chaga+Mushroom+Tincture&amp;gs_lp=Egxnd3Mtd2l6LXNlcnAiF0NoYWdhIE11c2hyb29tIFRpbmN0dXJlMgsQABiABBiRAhiKBTIFEAAYgAQyCxAAGIAEGJECGIoFMgUQABiABDIGEAAYFhgeMgYQABgWGB4yBhAAGBYYHjIGEAAYFhgeMgYQABgWGB4yBhAAGBYYHkj6EFDFB1jFB3ADeAGQAQCYAeQBoAHkAaoBAzItMbgBDMgBAPgBAvgBAZgCBKAC_wHCAgoQABiwAxjWBBhHmAMAiAYBkAYIkgcFMy4wLjGgB5EG&amp;sclient=gws-wiz-serp\">In<\/a> UAE, a very high frequency shockwave (also called acoustic cavitation) is used in assistance to break down the mushroom cell walls and release the compounds of interest without damaging the compounds. This not only dramatically increases the yield of the compounds of interest but also decreases the time needed for extraction. Our focus with UAE technology <a href=\"https:\/\/trufflemushroomcenter.com\/index.php\/product\/chaga-mushroom-tincture\/\">is<\/a> to produce the most potent mushroom supplement on the market through understanding and applying the latest research techniques and technology in mushroom extraction.<\/p>\n<h3><strong>How to use:<\/strong><\/h3>\n<p>Use sublingually by placing under the tongue and swallow. Or add to tea, coffee, smoothies or recipes. 50ml bottles 1 full pipette is 1ml.<br \/>\nAs our extracts are strong, we recommend taking a week off after every 3 months of use.<\/p>\n<h3>Ingredients in Chaga Mushroom Tincture \u2013 Inonotus Obliquus Extract:<\/h3>\n<p>Organic\u00a0<a href=\"https:\/\/backup.puurnordic.com\/en\/products\/chaga\/\" target=\"_blank\" rel=\"noopener\">Chaga<\/a>\u00a0mushroom*, alcohol* (25%), and purified water (*organic)<br \/>\nNo fillers, grains or excipients. Pure chaga mushroom extract.<\/p>\n<h3><strong>Compounds of Interest in Chaga Mushroom Tincture \u2013 Inonotus Obliquus Extract:<\/strong><\/h3>\n<p>\u2013 Betulinic acids<br \/>\n\u2013 (1-3)(1-6)Beta-d-Glucans<br \/>\n\u2013 Triterpenes<br \/>\n\u2013 Inotodiol<br \/>\n\u2013 Melanin<br \/>\n\u2013 Superoxide dismutase (is an antioxidant)<br \/>\n\u2013 Ergosterol peroxide<br \/>\n\u2013 Lanosterol<br \/>\n\u2013 Polyphenols (flavonoids)<br \/>\n\u2013 Vitamin B, D, K<br \/>\n\u2013 Zn, Cu, Ca, K, Fe, Mn<\/p>\n<h3><strong>Content:<\/strong><\/h3>\n<p>50ml<\/p>\n<h3><strong>Safety Information<\/strong><\/h3>\n<p>Daily maximum dose 2ml. Do <a href=\"https:\/\/www.google.com\/search?q=Chaga+Mushroom+Tincture&amp;sca_esv=9b57563f7a4d2e44&amp;sxsrf=ADLYWIJDGjFskiQDbqlc1KVyqc7slNYTyw%3A1727998576782&amp;ei=cCr_ZvC8L_Dxi-gP2Jva-A8&amp;ved=0ahUKEwjwtN2qsPOIAxXw-AIHHdiNFv8Q4dUDCA8&amp;oq=Chaga+Mushroom+Tincture&amp;gs_lp=Egxnd3Mtd2l6LXNlcnAiF0NoYWdhIE11c2hyb29tIFRpbmN0dXJlMgsQABiABBiRAhiKBTIFEAAYgAQyCxAAGIAEGJECGIoFMgUQABiABDIGEAAYFhgeMgYQABgWGB4yBhAAGBYYHjIGEAAYFhgeMgYQABgWGB4yBhAAGBYYHkj6EFDFB1jFB3ADeAGQAQCYAeQBoAHkAaoBAzItMbgBDMgBAPgBAvgBAZgCBKAC_wHCAgoQABiwAxjWBBhHmAMAiAYBkAYIkgcFMy4wLjGgB5EG&amp;sclient=gws-wiz-serp\">not<\/a> exceed the stated recommended daily dose. Food supplements should not be used as a substitute for a varied diet. Store out of reach of children in a cool dry area. Not during pregnancy or for kids.<\/p>\n","protected":false},"excerpt":{"rendered":"<p>Chaga Mushroom Tincture is a potent immune-boosting supplement packed with antioxidants. Discover premium Chaga tinctures for sale and enhance your wellness with this powerful natural remedy.<\/p>\n","protected":false},"featured_media":765,"comment_status":"open","ping_status":"closed","template":"","meta":{"om_disable_all_campaigns":false},"product_brand":[],"product_cat":[30],"product_tag":[1357,1241,1242,1353,1354,1355,1356],"class_list":{"0":"post-764","1":"product","2":"type-product","3":"status-publish","4":"has-post-thumbnail","6":"product_cat-medicinal-mushrooms","7":"product_tag-annanda-chaga-mushroom-tincture","8":"product_tag-buy-chaga-mushroom-capsules-online","9":"product_tag-chaga-mushroom","10":"product_tag-chaga-mushroom-tincture","11":"product_tag-chaga-mushroom-tincture-benefits","12":"product_tag-chaga-mushroom-tincture-recipe","13":"product_tag-how-to-make-chaga-mushroom-tincture","15":"first","16":"instock","17":"sale","18":"shipping-taxable","19":"purchasable","20":"product-type-simple"},"yoast_head":"<!-- This site is optimized with the Yoast SEO plugin v27.4 - https:\/\/yoast.com\/product\/yoast-seo-wordpress\/ -->\n<title>Chaga Mushroom Tincture<\/title>\n<meta name=\"description\" content=\"Chaga Mushroom Tincture is a potent immune boosting supplement packed with antioxidants. Discover premium Chaga tinctures for sale\" \/>\n<meta name=\"robots\" content=\"index, follow, max-snippet:-1, max-image-preview:large, max-video-preview:-1\" \/>\n<link rel=\"canonical\" href=\"https:\/\/trufflemushroomcenter.com\/index.php\/product\/chaga-mushroom-tincture\/\" \/>\n<meta property=\"og:locale\" content=\"en_US\" \/>\n<meta property=\"og:type\" content=\"article\" \/>\n<meta property=\"og:title\" content=\"Chaga Mushroom Tincture\" \/>\n<meta property=\"og:description\" content=\"Chaga Mushroom Tincture is a potent immune boosting supplement packed with antioxidants. Discover premium Chaga tinctures for sale\" \/>\n<meta property=\"og:url\" content=\"https:\/\/trufflemushroomcenter.com\/index.php\/product\/chaga-mushroom-tincture\/\" \/>\n<meta property=\"og:site_name\" content=\"Truffle Mushroom Center\" \/>\n<meta property=\"article:modified_time\" content=\"2024-10-03T23:55:15+00:00\" \/>\n<meta property=\"og:image\" content=\"http:\/\/trufflemushroomcenter.com\/wp-content\/uploads\/2022\/07\/Chaga-Mushroom-Tincture-Inonotus-Obliquus-Extract.png\" \/>\n\t<meta property=\"og:image:width\" content=\"540\" \/>\n\t<meta property=\"og:image:height\" content=\"540\" \/>\n\t<meta property=\"og:image:type\" content=\"image\/png\" \/>\n<meta name=\"twitter:card\" content=\"summary_large_image\" \/>\n<meta name=\"twitter:label1\" content=\"Est. reading time\" \/>\n\t<meta name=\"twitter:data1\" content=\"4 minutes\" \/>\n<script type=\"application\/ld+json\" class=\"yoast-schema-graph\">{\"@context\":\"https:\\\/\\\/schema.org\",\"@graph\":[{\"@type\":\"WebPage\",\"@id\":\"https:\\\/\\\/trufflemushroomcenter.com\\\/index.php\\\/product\\\/chaga-mushroom-tincture\\\/\",\"url\":\"https:\\\/\\\/trufflemushroomcenter.com\\\/index.php\\\/product\\\/chaga-mushroom-tincture\\\/\",\"name\":\"Chaga Mushroom Tincture\",\"isPartOf\":{\"@id\":\"https:\\\/\\\/trufflemushroomcenter.com\\\/#website\"},\"primaryImageOfPage\":{\"@id\":\"https:\\\/\\\/trufflemushroomcenter.com\\\/index.php\\\/product\\\/chaga-mushroom-tincture\\\/#primaryimage\"},\"image\":{\"@id\":\"https:\\\/\\\/trufflemushroomcenter.com\\\/index.php\\\/product\\\/chaga-mushroom-tincture\\\/#primaryimage\"},\"thumbnailUrl\":\"https:\\\/\\\/trufflemushroomcenter.com\\\/wp-content\\\/uploads\\\/2022\\\/07\\\/Chaga-Mushroom-Tincture-Inonotus-Obliquus-Extract.png\",\"datePublished\":\"2022-07-03T18:11:38+00:00\",\"dateModified\":\"2024-10-03T23:55:15+00:00\",\"description\":\"Chaga Mushroom Tincture is a potent immune boosting supplement packed with antioxidants. Discover premium Chaga tinctures for sale\",\"breadcrumb\":{\"@id\":\"https:\\\/\\\/trufflemushroomcenter.com\\\/index.php\\\/product\\\/chaga-mushroom-tincture\\\/#breadcrumb\"},\"inLanguage\":\"en-US\",\"potentialAction\":[{\"@type\":\"ReadAction\",\"target\":[\"https:\\\/\\\/trufflemushroomcenter.com\\\/index.php\\\/product\\\/chaga-mushroom-tincture\\\/\"]}]},{\"@type\":\"ImageObject\",\"inLanguage\":\"en-US\",\"@id\":\"https:\\\/\\\/trufflemushroomcenter.com\\\/index.php\\\/product\\\/chaga-mushroom-tincture\\\/#primaryimage\",\"url\":\"https:\\\/\\\/trufflemushroomcenter.com\\\/wp-content\\\/uploads\\\/2022\\\/07\\\/Chaga-Mushroom-Tincture-Inonotus-Obliquus-Extract.png\",\"contentUrl\":\"https:\\\/\\\/trufflemushroomcenter.com\\\/wp-content\\\/uploads\\\/2022\\\/07\\\/Chaga-Mushroom-Tincture-Inonotus-Obliquus-Extract.png\",\"width\":540,\"height\":540,\"caption\":\"Chaga Mushroom Tincture\"},{\"@type\":\"BreadcrumbList\",\"@id\":\"https:\\\/\\\/trufflemushroomcenter.com\\\/index.php\\\/product\\\/chaga-mushroom-tincture\\\/#breadcrumb\",\"itemListElement\":[{\"@type\":\"ListItem\",\"position\":1,\"name\":\"Home\",\"item\":\"https:\\\/\\\/trufflemushroomcenter.com\\\/\"},{\"@type\":\"ListItem\",\"position\":2,\"name\":\"Products\",\"item\":\"https:\\\/\\\/trufflemushroomcenter.com\\\/index.php\\\/psychedelic-mushrooms-for-sale-online\\\/\"},{\"@type\":\"ListItem\",\"position\":3,\"name\":\"Chaga Mushroom Tincture \u2013 Inonotus Obliquus Extract | K\u00c4\u00c4P\u00c4 Health\"}]},{\"@type\":\"WebSite\",\"@id\":\"https:\\\/\\\/trufflemushroomcenter.com\\\/#website\",\"url\":\"https:\\\/\\\/trufflemushroomcenter.com\\\/\",\"name\":\"Truffle Mushroom Center\",\"description\":\"Just another WordPress site\",\"publisher\":{\"@id\":\"https:\\\/\\\/trufflemushroomcenter.com\\\/#organization\"},\"potentialAction\":[{\"@type\":\"SearchAction\",\"target\":{\"@type\":\"EntryPoint\",\"urlTemplate\":\"https:\\\/\\\/trufflemushroomcenter.com\\\/?s={search_term_string}\"},\"query-input\":{\"@type\":\"PropertyValueSpecification\",\"valueRequired\":true,\"valueName\":\"search_term_string\"}}],\"inLanguage\":\"en-US\"},{\"@type\":\"Organization\",\"@id\":\"https:\\\/\\\/trufflemushroomcenter.com\\\/#organization\",\"name\":\"Truffle Mushroom Center\",\"url\":\"https:\\\/\\\/trufflemushroomcenter.com\\\/\",\"logo\":{\"@type\":\"ImageObject\",\"inLanguage\":\"en-US\",\"@id\":\"https:\\\/\\\/trufflemushroomcenter.com\\\/#\\\/schema\\\/logo\\\/image\\\/\",\"url\":\"https:\\\/\\\/trufflemushroomcenter.com\\\/wp-content\\\/uploads\\\/2022\\\/07\\\/download.jpg\",\"contentUrl\":\"https:\\\/\\\/trufflemushroomcenter.com\\\/wp-content\\\/uploads\\\/2022\\\/07\\\/download.jpg\",\"width\":219,\"height\":230,\"caption\":\"Truffle Mushroom Center\"},\"image\":{\"@id\":\"https:\\\/\\\/trufflemushroomcenter.com\\\/#\\\/schema\\\/logo\\\/image\\\/\"}}]}<\/script>\n<!-- \/ Yoast SEO plugin. -->","yoast_head_json":{"title":"Chaga Mushroom Tincture","description":"Chaga Mushroom Tincture is a potent immune boosting supplement packed with antioxidants. Discover premium Chaga tinctures for sale","robots":{"index":"index","follow":"follow","max-snippet":"max-snippet:-1","max-image-preview":"max-image-preview:large","max-video-preview":"max-video-preview:-1"},"canonical":"https:\/\/trufflemushroomcenter.com\/index.php\/product\/chaga-mushroom-tincture\/","og_locale":"en_US","og_type":"article","og_title":"Chaga Mushroom Tincture","og_description":"Chaga Mushroom Tincture is a potent immune boosting supplement packed with antioxidants. Discover premium Chaga tinctures for sale","og_url":"https:\/\/trufflemushroomcenter.com\/index.php\/product\/chaga-mushroom-tincture\/","og_site_name":"Truffle Mushroom Center","article_modified_time":"2024-10-03T23:55:15+00:00","og_image":[{"width":540,"height":540,"url":"http:\/\/trufflemushroomcenter.com\/wp-content\/uploads\/2022\/07\/Chaga-Mushroom-Tincture-Inonotus-Obliquus-Extract.png","type":"image\/png"}],"twitter_card":"summary_large_image","twitter_misc":{"Est. reading time":"4 minutes"},"schema":{"@context":"https:\/\/schema.org","@graph":[{"@type":"WebPage","@id":"https:\/\/trufflemushroomcenter.com\/index.php\/product\/chaga-mushroom-tincture\/","url":"https:\/\/trufflemushroomcenter.com\/index.php\/product\/chaga-mushroom-tincture\/","name":"Chaga Mushroom Tincture","isPartOf":{"@id":"https:\/\/trufflemushroomcenter.com\/#website"},"primaryImageOfPage":{"@id":"https:\/\/trufflemushroomcenter.com\/index.php\/product\/chaga-mushroom-tincture\/#primaryimage"},"image":{"@id":"https:\/\/trufflemushroomcenter.com\/index.php\/product\/chaga-mushroom-tincture\/#primaryimage"},"thumbnailUrl":"https:\/\/trufflemushroomcenter.com\/wp-content\/uploads\/2022\/07\/Chaga-Mushroom-Tincture-Inonotus-Obliquus-Extract.png","datePublished":"2022-07-03T18:11:38+00:00","dateModified":"2024-10-03T23:55:15+00:00","description":"Chaga Mushroom Tincture is a potent immune boosting supplement packed with antioxidants. Discover premium Chaga tinctures for sale","breadcrumb":{"@id":"https:\/\/trufflemushroomcenter.com\/index.php\/product\/chaga-mushroom-tincture\/#breadcrumb"},"inLanguage":"en-US","potentialAction":[{"@type":"ReadAction","target":["https:\/\/trufflemushroomcenter.com\/index.php\/product\/chaga-mushroom-tincture\/"]}]},{"@type":"ImageObject","inLanguage":"en-US","@id":"https:\/\/trufflemushroomcenter.com\/index.php\/product\/chaga-mushroom-tincture\/#primaryimage","url":"https:\/\/trufflemushroomcenter.com\/wp-content\/uploads\/2022\/07\/Chaga-Mushroom-Tincture-Inonotus-Obliquus-Extract.png","contentUrl":"https:\/\/trufflemushroomcenter.com\/wp-content\/uploads\/2022\/07\/Chaga-Mushroom-Tincture-Inonotus-Obliquus-Extract.png","width":540,"height":540,"caption":"Chaga Mushroom Tincture"},{"@type":"BreadcrumbList","@id":"https:\/\/trufflemushroomcenter.com\/index.php\/product\/chaga-mushroom-tincture\/#breadcrumb","itemListElement":[{"@type":"ListItem","position":1,"name":"Home","item":"https:\/\/trufflemushroomcenter.com\/"},{"@type":"ListItem","position":2,"name":"Products","item":"https:\/\/trufflemushroomcenter.com\/index.php\/psychedelic-mushrooms-for-sale-online\/"},{"@type":"ListItem","position":3,"name":"Chaga Mushroom Tincture \u2013 Inonotus Obliquus Extract | K\u00c4\u00c4P\u00c4 Health"}]},{"@type":"WebSite","@id":"https:\/\/trufflemushroomcenter.com\/#website","url":"https:\/\/trufflemushroomcenter.com\/","name":"Truffle Mushroom Center","description":"Just another WordPress site","publisher":{"@id":"https:\/\/trufflemushroomcenter.com\/#organization"},"potentialAction":[{"@type":"SearchAction","target":{"@type":"EntryPoint","urlTemplate":"https:\/\/trufflemushroomcenter.com\/?s={search_term_string}"},"query-input":{"@type":"PropertyValueSpecification","valueRequired":true,"valueName":"search_term_string"}}],"inLanguage":"en-US"},{"@type":"Organization","@id":"https:\/\/trufflemushroomcenter.com\/#organization","name":"Truffle Mushroom Center","url":"https:\/\/trufflemushroomcenter.com\/","logo":{"@type":"ImageObject","inLanguage":"en-US","@id":"https:\/\/trufflemushroomcenter.com\/#\/schema\/logo\/image\/","url":"https:\/\/trufflemushroomcenter.com\/wp-content\/uploads\/2022\/07\/download.jpg","contentUrl":"https:\/\/trufflemushroomcenter.com\/wp-content\/uploads\/2022\/07\/download.jpg","width":219,"height":230,"caption":"Truffle Mushroom Center"},"image":{"@id":"https:\/\/trufflemushroomcenter.com\/#\/schema\/logo\/image\/"}}]}},"jetpack_sharing_enabled":true,"_links":{"self":[{"href":"https:\/\/trufflemushroomcenter.com\/index.php\/wp-json\/wp\/v2\/product\/764","targetHints":{"allow":["GET"]}}],"collection":[{"href":"https:\/\/trufflemushroomcenter.com\/index.php\/wp-json\/wp\/v2\/product"}],"about":[{"href":"https:\/\/trufflemushroomcenter.com\/index.php\/wp-json\/wp\/v2\/types\/product"}],"replies":[{"embeddable":true,"href":"https:\/\/trufflemushroomcenter.com\/index.php\/wp-json\/wp\/v2\/comments?post=764"}],"wp:featuredmedia":[{"embeddable":true,"href":"https:\/\/trufflemushroomcenter.com\/index.php\/wp-json\/wp\/v2\/media\/765"}],"wp:attachment":[{"href":"https:\/\/trufflemushroomcenter.com\/index.php\/wp-json\/wp\/v2\/media?parent=764"}],"wp:term":[{"taxonomy":"product_brand","embeddable":true,"href":"https:\/\/trufflemushroomcenter.com\/index.php\/wp-json\/wp\/v2\/product_brand?post=764"},{"taxonomy":"product_cat","embeddable":true,"href":"https:\/\/trufflemushroomcenter.com\/index.php\/wp-json\/wp\/v2\/product_cat?post=764"},{"taxonomy":"product_tag","embeddable":true,"href":"https:\/\/trufflemushroomcenter.com\/index.php\/wp-json\/wp\/v2\/product_tag?post=764"}],"curies":[{"name":"wp","href":"https:\/\/api.w.org\/{rel}","templated":true}]}}